{"id":286,"date":"2016-10-31T13:17:59","date_gmt":"2016-10-31T16:17:59","guid":{"rendered":"https:\/\/sba246-ers.infd.edu.ar\/sitio\/?page_id=286"},"modified":"2023-11-02T20:18:59","modified_gmt":"2023-11-02T23:18:59","slug":"inicio","status":"publish","type":"page","link":"https:\/\/sba246-ers.infd.edu.ar\/sitio\/","title":{"rendered":"Instituto Superior D-246 \u00abSan Benito Abad\u00bb"},"content":{"rendered":"<h1 style=\"text-align: center;\"><a href=\"https:\/\/www.facebook.com\/profesoradosba\">Visit\u00e1 Nuestro Facebook<\/a><\/h1>\n<h4><div  class=\"lgc-column lgc-grid-parent lgc-grid-50 lgc-tablet-grid-50 lgc-mobile-grid-100 lgc-equal-heights \"><div  class=\"inside-grid-column\"><\/div><\/div><div class=\"lgc-clear\"><\/div><img decoding=\"async\" loading=\"lazy\" class=\"alignnone wp-image-840\" src=\"https:\/\/sba246-ers.infd.edu.ar\/sitio\/wp-content\/uploads\/2023\/10\/WhatsApp-Image-2023-09-27-at-19.10.35-500x500.jpeg\" alt=\"\" width=\"283\" height=\"200\" srcset=\"https:\/\/sba246-ers.infd.edu.ar\/sitio\/wp-content\/uploads\/2023\/10\/WhatsApp-Image-2023-09-27-at-19.10.35-1000x707.jpeg 1000w, https:\/\/sba246-ers.infd.edu.ar\/sitio\/wp-content\/uploads\/2023\/10\/WhatsApp-Image-2023-09-27-at-19.10.35-768x543.jpeg 768w, https:\/\/sba246-ers.infd.edu.ar\/sitio\/wp-content\/uploads\/2023\/10\/WhatsApp-Image-2023-09-27-at-19.10.35-1536x1086.jpeg 1536w, https:\/\/sba246-ers.infd.edu.ar\/sitio\/wp-content\/uploads\/2023\/10\/WhatsApp-Image-2023-09-27-at-19.10.35.jpeg 1600w\" sizes=\"(max-width: 283px) 100vw, 283px\" \/><\/h4>\n<h3><strong><a href=\"https:\/\/sba246-ers.infd.edu.ar\/sitio\/estudiantes\/ingresantes\/\">Comenzaron las inscripciones al ciclo lectivo 2024<\/a><br \/><\/strong><\/h3>\n<div  class=\"lgc-column lgc-grid-parent lgc-grid-50 lgc-tablet-grid-50 lgc-mobile-grid-100 lgc-equal-heights \"><div  class=\"inside-grid-column\"><\/div><\/div><div class=\"lgc-clear\"><\/div><img decoding=\"async\" loading=\"lazy\" class=\"alignnone wp-image-879\" src=\"https:\/\/sba246-ers.infd.edu.ar\/sitio\/wp-content\/uploads\/2023\/11\/FdeC-81-1000x667.jpg\" alt=\"\" width=\"300\" height=\"200\" srcset=\"https:\/\/sba246-ers.infd.edu.ar\/sitio\/wp-content\/uploads\/2023\/11\/FdeC-81-1000x667.jpg 1000w, https:\/\/sba246-ers.infd.edu.ar\/sitio\/wp-content\/uploads\/2023\/11\/FdeC-81-1900x1267.jpg 1900w, https:\/\/sba246-ers.infd.edu.ar\/sitio\/wp-content\/uploads\/2023\/11\/FdeC-81-768x512.jpg 768w, https:\/\/sba246-ers.infd.edu.ar\/sitio\/wp-content\/uploads\/2023\/11\/FdeC-81-1536x1024.jpg 1536w, https:\/\/sba246-ers.infd.edu.ar\/sitio\/wp-content\/uploads\/2023\/11\/FdeC-81.jpg 1920w\" sizes=\"(max-width: 300px) 100vw, 300px\" \/><\/p>\n<h3><strong>Se llev\u00f3 a cabo la feria de las carreras 2023 con participaci\u00f3n de nuestro instituto<br \/><\/strong><\/h3>\n<div  class=\"lgc-column lgc-grid-parent lgc-grid-50 lgc-tablet-grid-50 lgc-mobile-grid-100 lgc-equal-heights \"><div  class=\"inside-grid-column\"><\/div><\/div><div class=\"lgc-clear\"><\/div><img decoding=\"async\" loading=\"lazy\" class=\"alignnone wp-image-882\" src=\"https:\/\/sba246-ers.infd.edu.ar\/sitio\/wp-content\/uploads\/2023\/11\/393827646_865785195239606_3678016953870014021_n-1000x750.jpg\" alt=\"\" width=\"279\" height=\"209\" srcset=\"https:\/\/sba246-ers.infd.edu.ar\/sitio\/wp-content\/uploads\/2023\/11\/393827646_865785195239606_3678016953870014021_n-1000x750.jpg 1000w, https:\/\/sba246-ers.infd.edu.ar\/sitio\/wp-content\/uploads\/2023\/11\/393827646_865785195239606_3678016953870014021_n-768x576.jpg 768w, https:\/\/sba246-ers.infd.edu.ar\/sitio\/wp-content\/uploads\/2023\/11\/393827646_865785195239606_3678016953870014021_n.jpg 1080w\" sizes=\"(max-width: 279px) 100vw, 279px\" \/><\/p>\n<h3><strong>Postales de un viaje inolvidable<br \/><\/strong><\/h3>\n<p>&nbsp;<\/p>\n","protected":false},"excerpt":{"rendered":"<p>Visit\u00e1 Nuestro Facebook Comenzaron las inscripciones al ciclo lectivo 2024 Se llev\u00f3 a cabo la feria de las carreras 2023 con participaci\u00f3n de nuestro instituto Postales de un viaje inolvidable &nbsp;<\/p>\n","protected":false},"author":1,"featured_media":0,"parent":0,"menu_order":0,"comment_status":"closed","ping_status":"closed","template":"","meta":[],"acf":[],"_links":{"self":[{"href":"https:\/\/sba246-ers.infd.edu.ar\/sitio\/wp-json\/wp\/v2\/pages\/286"}],"collection":[{"href":"https:\/\/sba246-ers.infd.edu.ar\/sitio\/wp-json\/wp\/v2\/pages"}],"about":[{"href":"https:\/\/sba246-ers.infd.edu.ar\/sitio\/wp-json\/wp\/v2\/types\/page"}],"author":[{"embeddable":true,"href":"https:\/\/sba246-ers.infd.edu.ar\/sitio\/wp-json\/wp\/v2\/users\/1"}],"replies":[{"embeddable":true,"href":"https:\/\/sba246-ers.infd.edu.ar\/sitio\/wp-json\/wp\/v2\/comments?post=286"}],"version-history":[{"count":154,"href":"https:\/\/sba246-ers.infd.edu.ar\/sitio\/wp-json\/wp\/v2\/pages\/286\/revisions"}],"predecessor-version":[{"id":927,"href":"https:\/\/sba246-ers.infd.edu.ar\/sitio\/wp-json\/wp\/v2\/pages\/286\/revisions\/927"}],"wp:attachment":[{"href":"https:\/\/sba246-ers.infd.edu.ar\/sitio\/wp-json\/wp\/v2\/media?parent=286"}],"curies":[{"name":"wp","href":"https:\/\/api.w.org\/{rel}","templated":true}]}}