{"id":318,"date":"2016-10-31T14:20:44","date_gmt":"2016-10-31T17:20:44","guid":{"rendered":"https:\/\/sba246-ers.infd.edu.ar\/sitio\/?page_id=318"},"modified":"2023-10-26T21:09:48","modified_gmt":"2023-10-27T00:09:48","slug":"contacto","status":"publish","type":"page","link":"https:\/\/sba246-ers.infd.edu.ar\/sitio\/institucional\/contacto\/","title":{"rendered":"Datos institucionales"},"content":{"rendered":"\n<p><strong>Direcci\u00f3n: <\/strong>General Ram\u00edrez 534 &#8211; San Benito<strong><br>Tel\u00e9fono: <\/strong>343-4973426<\/p>\n\n\n\n<p><strong>E-mail<\/strong>: profesorado.sba@hotmail.com<strong><br>Horarios de atenci\u00f3n:<\/strong> Lunes a Viernes de 17:30 a 22:00 Hs<\/p>\n\n\n\n<hr class=\"wp-block-separator has-alpha-channel-opacity\"\/>\n\n\n\n<figure class=\"wp-block-image size-full\"><img decoding=\"async\" loading=\"lazy\" width=\"1632\" height=\"916\" src=\"https:\/\/sba246-ers.infd.edu.ar\/sitio\/wp-content\/uploads\/2021\/03\/10679855_292334367635718_804928519686070900981_o.jpg\" alt=\"\" class=\"wp-image-783\" srcset=\"https:\/\/sba246-ers.infd.edu.ar\/sitio\/wp-content\/uploads\/2021\/03\/10679855_292334367635718_804928519686070900981_o.jpg 1632w, https:\/\/sba246-ers.infd.edu.ar\/sitio\/wp-content\/uploads\/2021\/03\/10679855_292334367635718_804928519686070900981_o-1000x561.jpg 1000w, https:\/\/sba246-ers.infd.edu.ar\/sitio\/wp-content\/uploads\/2021\/03\/10679855_292334367635718_804928519686070900981_o-768x431.jpg 768w\" sizes=\"(max-width: 1632px) 100vw, 1632px\" \/><\/figure>\n\n\n<p><iframe loading=\"lazy\" style=\"border: 0;\" src=\"https:\/\/www.google.com\/maps\/embed?pb=!1m18!1m12!1m3!1d217070.5333782969!2d-60.587126678741804!3d-31.777928791941!2m3!1f0!2f0!3f0!3m2!1i1024!2i768!4f13.1!3m3!1m2!1s0x95b44f2779e7d7b9%3A0xa4adc0c34e822a2d!2sEsc.%20Parroquial%20N%C2%BA%20158%20%22San%20Benito%20Abad%22!5e0!3m2!1ses!2sar!4v1698189715045!5m2!1ses!2sar\" width=\"400\" height=\"300\" allowfullscreen=\"allowfullscreen\"><\/iframe><\/p>\n<p><strong>\u00a0<\/strong><\/p>","protected":false},"excerpt":{"rendered":"<p>Direcci\u00f3n: General Ram\u00edrez 534 &#8211; San BenitoTel\u00e9fono: 343-4973426 E-mail: profesorado.sba@hotmail.comHorarios de atenci\u00f3n: Lunes a Viernes de 17:30 a 22:00 Hs \u00a0<\/p>\n","protected":false},"author":1,"featured_media":0,"parent":683,"menu_order":0,"comment_status":"closed","ping_status":"closed","template":"","meta":[],"acf":[],"_links":{"self":[{"href":"https:\/\/sba246-ers.infd.edu.ar\/sitio\/wp-json\/wp\/v2\/pages\/318"}],"collection":[{"href":"https:\/\/sba246-ers.infd.edu.ar\/sitio\/wp-json\/wp\/v2\/pages"}],"about":[{"href":"https:\/\/sba246-ers.infd.edu.ar\/sitio\/wp-json\/wp\/v2\/types\/page"}],"author":[{"embeddable":true,"href":"https:\/\/sba246-ers.infd.edu.ar\/sitio\/wp-json\/wp\/v2\/users\/1"}],"replies":[{"embeddable":true,"href":"https:\/\/sba246-ers.infd.edu.ar\/sitio\/wp-json\/wp\/v2\/comments?post=318"}],"version-history":[{"count":18,"href":"https:\/\/sba246-ers.infd.edu.ar\/sitio\/wp-json\/wp\/v2\/pages\/318\/revisions"}],"predecessor-version":[{"id":838,"href":"https:\/\/sba246-ers.infd.edu.ar\/sitio\/wp-json\/wp\/v2\/pages\/318\/revisions\/838"}],"up":[{"embeddable":true,"href":"https:\/\/sba246-ers.infd.edu.ar\/sitio\/wp-json\/wp\/v2\/pages\/683"}],"wp:attachment":[{"href":"https:\/\/sba246-ers.infd.edu.ar\/sitio\/wp-json\/wp\/v2\/media?parent=318"}],"curies":[{"name":"wp","href":"https:\/\/api.w.org\/{rel}","templated":true}]}}