{"id":685,"date":"2018-07-25T15:06:42","date_gmt":"2018-07-25T18:06:42","guid":{"rendered":"https:\/\/sba246-ers.infd.edu.ar\/sitio\/?page_id=685"},"modified":"2023-10-24T20:59:57","modified_gmt":"2023-10-24T23:59:57","slug":"autoridades","status":"publish","type":"page","link":"https:\/\/sba246-ers.infd.edu.ar\/sitio\/institucional\/autoridades\/","title":{"rendered":"Autoridades"},"content":{"rendered":"<h4><span data-mce-mark=\"1\"><strong>RECTOR<\/strong><\/span><\/h4>\n<p><em>Nombre y Apellido: Prof. Rotela, Gabriel Jos\u00e9 Mar\u00eda<\/em><\/p>\n<h4><strong>SECRETARIA<\/strong><\/h4>\n<p><em>Nombre y Apellido: Prof. Balbuena, Romina Silvana<\/em><\/p>\n<h4>PRECEPTOR<\/h4>\n<p><em>Nombre y Apellido: Prof. Camino, Cristian Agust\u00edn<\/em><\/p>\n","protected":false},"excerpt":{"rendered":"<p>RECTOR Nombre y Apellido: Prof. Rotela, Gabriel Jos\u00e9 Mar\u00eda SECRETARIA Nombre y Apellido: Prof. Balbuena, Romina Silvana PRECEPTOR Nombre y Apellido: Prof. Camino, Cristian Agust\u00edn<\/p>\n","protected":false},"author":6,"featured_media":0,"parent":683,"menu_order":0,"comment_status":"closed","ping_status":"closed","template":"","meta":[],"acf":[],"_links":{"self":[{"href":"https:\/\/sba246-ers.infd.edu.ar\/sitio\/wp-json\/wp\/v2\/pages\/685"}],"collection":[{"href":"https:\/\/sba246-ers.infd.edu.ar\/sitio\/wp-json\/wp\/v2\/pages"}],"about":[{"href":"https:\/\/sba246-ers.infd.edu.ar\/sitio\/wp-json\/wp\/v2\/types\/page"}],"author":[{"embeddable":true,"href":"https:\/\/sba246-ers.infd.edu.ar\/sitio\/wp-json\/wp\/v2\/users\/6"}],"replies":[{"embeddable":true,"href":"https:\/\/sba246-ers.infd.edu.ar\/sitio\/wp-json\/wp\/v2\/comments?post=685"}],"version-history":[{"count":7,"href":"https:\/\/sba246-ers.infd.edu.ar\/sitio\/wp-json\/wp\/v2\/pages\/685\/revisions"}],"predecessor-version":[{"id":820,"href":"https:\/\/sba246-ers.infd.edu.ar\/sitio\/wp-json\/wp\/v2\/pages\/685\/revisions\/820"}],"up":[{"embeddable":true,"href":"https:\/\/sba246-ers.infd.edu.ar\/sitio\/wp-json\/wp\/v2\/pages\/683"}],"wp:attachment":[{"href":"https:\/\/sba246-ers.infd.edu.ar\/sitio\/wp-json\/wp\/v2\/media?parent=685"}],"curies":[{"name":"wp","href":"https:\/\/api.w.org\/{rel}","templated":true}]}}